{"id":1134,"date":"2020-04-20T16:04:14","date_gmt":"2020-04-20T14:04:14","guid":{"rendered":"http:\/\/mariejourdephoto.com\/?page_id=1134"},"modified":"2020-04-21T15:33:37","modified_gmt":"2020-04-21T13:33:37","slug":"series","status":"publish","type":"page","link":"https:\/\/mariejourdephoto.com\/index.php\/series\/","title":{"rendered":"S\u00e9ries"},"content":{"rendered":"\n<div class=\"wp-block-group\"><div class=\"wp-block-group__inner-container is-layout-flow wp-block-group-is-layout-flow\">\n<div class=\"wp-block-image\"><figure class=\"alignleft size-large is-resized\"><img loading=\"lazy\" decoding=\"async\" src=\"https:\/\/mariejourdephoto.com\/wp-content\/uploads\/2020\/04\/15112017-15112017-IMGP4684-Modifier_edit-Modifier-2-1985x1363.jpg\" alt=\"\" class=\"wp-image-1235\" width=\"496\" height=\"341\" srcset=\"https:\/\/mariejourdephoto.com\/wp-content\/uploads\/2020\/04\/15112017-15112017-IMGP4684-Modifier_edit-Modifier-2-1985x1363.jpg 1985w, https:\/\/mariejourdephoto.com\/wp-content\/uploads\/2020\/04\/15112017-15112017-IMGP4684-Modifier_edit-Modifier-2-300x206.jpg 300w, https:\/\/mariejourdephoto.com\/wp-content\/uploads\/2020\/04\/15112017-15112017-IMGP4684-Modifier_edit-Modifier-2-768x527.jpg 768w, https:\/\/mariejourdephoto.com\/wp-content\/uploads\/2020\/04\/15112017-15112017-IMGP4684-Modifier_edit-Modifier-2-1536x1055.jpg 1536w, https:\/\/mariejourdephoto.com\/wp-content\/uploads\/2020\/04\/15112017-15112017-IMGP4684-Modifier_edit-Modifier-2-2048x1406.jpg 2048w, https:\/\/mariejourdephoto.com\/wp-content\/uploads\/2020\/04\/15112017-15112017-IMGP4684-Modifier_edit-Modifier-2-1748x1200.jpg 1748w, https:\/\/mariejourdephoto.com\/wp-content\/uploads\/2020\/04\/15112017-15112017-IMGP4684-Modifier_edit-Modifier-2-980x673.jpg 980w\" sizes=\"auto, (max-width: 496px) 100vw, 496px\" \/><figcaption>Comme un bateau ivre<br>Une inqui\u00e9tante \u00e9tranget\u00e9<br><a href=\"https:\/\/mariejourdephoto.com\/index.php\/une-inquietante-histoire\/\">https:\/\/mariejourdephoto.com\/index.php\/une-inquietante-histoire\/<\/a><\/figcaption><\/figure><\/div>\n<\/div><\/div>\n\n\n\n<figure class=\"wp-block-image size-large is-resized\"><img loading=\"lazy\" decoding=\"async\" src=\"https:\/\/mariejourdephoto.com\/wp-content\/uploads\/2020\/04\/12022018-IMGP0693-2042x1363.jpg\" alt=\"\" class=\"wp-image-1219\" width=\"495\" height=\"331\" srcset=\"https:\/\/mariejourdephoto.com\/wp-content\/uploads\/2020\/04\/12022018-IMGP0693-2042x1363.jpg 2042w, https:\/\/mariejourdephoto.com\/wp-content\/uploads\/2020\/04\/12022018-IMGP0693-300x200.jpg 300w, https:\/\/mariejourdephoto.com\/wp-content\/uploads\/2020\/04\/12022018-IMGP0693-768x513.jpg 768w, https:\/\/mariejourdephoto.com\/wp-content\/uploads\/2020\/04\/12022018-IMGP0693-1536x1025.jpg 1536w, https:\/\/mariejourdephoto.com\/wp-content\/uploads\/2020\/04\/12022018-IMGP0693-2048x1367.jpg 2048w, https:\/\/mariejourdephoto.com\/wp-content\/uploads\/2020\/04\/12022018-IMGP0693-1798x1200.jpg 1798w, https:\/\/mariejourdephoto.com\/wp-content\/uploads\/2020\/04\/12022018-IMGP0693-980x654.jpg 980w\" sizes=\"auto, (max-width: 495px) 100vw, 495px\" \/><figcaption>Just do Art<br>Traces<br><a href=\"https:\/\/mariejourdephoto.com\/index.php\/traces\/\">https:\/\/mariejourdephoto.com\/index.php\/traces\/<\/a><br><br><\/figcaption><\/figure>\n\n\n\n<figure class=\"wp-block-image size-medium is-resized\"><img loading=\"lazy\" decoding=\"async\" src=\"https:\/\/mariejourdephoto.com\/wp-content\/uploads\/2020\/04\/19122016-IMGP0678-Modifier-300x205.jpg\" alt=\"\" class=\"wp-image-1244\" width=\"496\" height=\"340\" srcset=\"https:\/\/mariejourdephoto.com\/wp-content\/uploads\/2020\/04\/19122016-IMGP0678-Modifier-300x205.jpg 300w, https:\/\/mariejourdephoto.com\/wp-content\/uploads\/2020\/04\/19122016-IMGP0678-Modifier-768x526.jpg 768w, https:\/\/mariejourdephoto.com\/wp-content\/uploads\/2020\/04\/19122016-IMGP0678-Modifier-1536x1052.jpg 1536w, https:\/\/mariejourdephoto.com\/wp-content\/uploads\/2020\/04\/19122016-IMGP0678-Modifier-2048x1403.jpg 2048w, https:\/\/mariejourdephoto.com\/wp-content\/uploads\/2020\/04\/19122016-IMGP0678-Modifier-1752x1200.jpg 1752w, https:\/\/mariejourdephoto.com\/wp-content\/uploads\/2020\/04\/19122016-IMGP0678-Modifier-980x671.jpg 980w\" sizes=\"auto, (max-width: 496px) 100vw, 496px\" \/><figcaption>La derni\u00e8re s\u00e9ance<br>American dream<br><a href=\"https:\/\/mariejourdephoto.com\/index.php\/american-dream\/\">https:\/\/mariejourdephoto.com\/index.php\/american-dream\/<\/a><\/figcaption><\/figure>\n","protected":false},"excerpt":{"rendered":"","protected":false},"author":1,"featured_media":0,"parent":0,"menu_order":0,"comment_status":"closed","ping_status":"closed","template":"template-no-sidebar.php","meta":{"footnotes":"","_links_to":"","_links_to_target":""},"class_list":["post-1134","page","type-page","status-publish"],"jetpack_sharing_enabled":true,"_links":{"self":[{"href":"https:\/\/mariejourdephoto.com\/index.php\/wp-json\/wp\/v2\/pages\/1134","targetHints":{"allow":["GET"]}}],"collection":[{"href":"https:\/\/mariejourdephoto.com\/index.php\/wp-json\/wp\/v2\/pages"}],"about":[{"href":"https:\/\/mariejourdephoto.com\/index.php\/wp-json\/wp\/v2\/types\/page"}],"author":[{"embeddable":true,"href":"https:\/\/mariejourdephoto.com\/index.php\/wp-json\/wp\/v2\/users\/1"}],"replies":[{"embeddable":true,"href":"https:\/\/mariejourdephoto.com\/index.php\/wp-json\/wp\/v2\/comments?post=1134"}],"version-history":[{"count":8,"href":"https:\/\/mariejourdephoto.com\/index.php\/wp-json\/wp\/v2\/pages\/1134\/revisions"}],"predecessor-version":[{"id":1259,"href":"https:\/\/mariejourdephoto.com\/index.php\/wp-json\/wp\/v2\/pages\/1134\/revisions\/1259"}],"wp:attachment":[{"href":"https:\/\/mariejourdephoto.com\/index.php\/wp-json\/wp\/v2\/media?parent=1134"}],"curies":[{"name":"wp","href":"https:\/\/api.w.org\/{rel}","templated":true}]}}