{"id":1185,"date":"2020-04-20T17:23:43","date_gmt":"2020-04-20T15:23:43","guid":{"rendered":"http:\/\/mariejourdephoto.com\/?page_id=1185"},"modified":"2021-04-08T11:45:31","modified_gmt":"2021-04-08T09:45:31","slug":"une-inquietante-histoire","status":"publish","type":"page","link":"https:\/\/mariejourdephoto.com\/index.php\/une-inquietante-histoire\/","title":{"rendered":"Une inqui\u00e9tante \u00e9tranget\u00e9"},"content":{"rendered":"\n<div class=\"wp-block-jetpack-slideshow aligncenter\" data-effect=\"slide\"><div class=\"wp-block-jetpack-slideshow_container swiper-container\"><ul class=\"wp-block-jetpack-slideshow_swiper-wrapper swiper-wrapper\"><li class=\"wp-block-jetpack-slideshow_slide swiper-slide\"><figure><img loading=\"lazy\" decoding=\"async\" width=\"1985\" height=\"1363\" alt=\"\" class=\"wp-block-jetpack-slideshow_image wp-image-1235\" data-id=\"1235\" src=\"https:\/\/mariejourdephoto.com\/wp-content\/uploads\/2020\/04\/15112017-15112017-IMGP4684-Modifier_edit-Modifier-2-1985x1363.jpg\" srcset=\"https:\/\/mariejourdephoto.com\/wp-content\/uploads\/2020\/04\/15112017-15112017-IMGP4684-Modifier_edit-Modifier-2-1985x1363.jpg 1985w, https:\/\/mariejourdephoto.com\/wp-content\/uploads\/2020\/04\/15112017-15112017-IMGP4684-Modifier_edit-Modifier-2-300x206.jpg 300w, https:\/\/mariejourdephoto.com\/wp-content\/uploads\/2020\/04\/15112017-15112017-IMGP4684-Modifier_edit-Modifier-2-768x527.jpg 768w, https:\/\/mariejourdephoto.com\/wp-content\/uploads\/2020\/04\/15112017-15112017-IMGP4684-Modifier_edit-Modifier-2-1536x1055.jpg 1536w, https:\/\/mariejourdephoto.com\/wp-content\/uploads\/2020\/04\/15112017-15112017-IMGP4684-Modifier_edit-Modifier-2-2048x1406.jpg 2048w, https:\/\/mariejourdephoto.com\/wp-content\/uploads\/2020\/04\/15112017-15112017-IMGP4684-Modifier_edit-Modifier-2-1748x1200.jpg 1748w, https:\/\/mariejourdephoto.com\/wp-content\/uploads\/2020\/04\/15112017-15112017-IMGP4684-Modifier_edit-Modifier-2-980x673.jpg 980w\" sizes=\"auto, (max-width: 1985px) 100vw, 1985px\" \/><figcaption class=\"wp-block-jetpack-slideshow_caption gallery-caption\">Comme un bateau ivre<\/figcaption><\/figure><\/li><li class=\"wp-block-jetpack-slideshow_slide swiper-slide\"><figure><img loading=\"lazy\" decoding=\"async\" width=\"1981\" height=\"1363\" alt=\"\" class=\"wp-block-jetpack-slideshow_image wp-image-1234\" data-id=\"1234\" src=\"https:\/\/mariejourdephoto.com\/wp-content\/uploads\/2020\/04\/15112017-15112017-IMGP4619-Modifier_edit-Modifier-Modifier-1981x1363.jpg\" srcset=\"https:\/\/mariejourdephoto.com\/wp-content\/uploads\/2020\/04\/15112017-15112017-IMGP4619-Modifier_edit-Modifier-Modifier-1981x1363.jpg 1981w, https:\/\/mariejourdephoto.com\/wp-content\/uploads\/2020\/04\/15112017-15112017-IMGP4619-Modifier_edit-Modifier-Modifier-300x206.jpg 300w, https:\/\/mariejourdephoto.com\/wp-content\/uploads\/2020\/04\/15112017-15112017-IMGP4619-Modifier_edit-Modifier-Modifier-768x529.jpg 768w, https:\/\/mariejourdephoto.com\/wp-content\/uploads\/2020\/04\/15112017-15112017-IMGP4619-Modifier_edit-Modifier-Modifier-1536x1057.jpg 1536w, https:\/\/mariejourdephoto.com\/wp-content\/uploads\/2020\/04\/15112017-15112017-IMGP4619-Modifier_edit-Modifier-Modifier-2048x1409.jpg 2048w, https:\/\/mariejourdephoto.com\/wp-content\/uploads\/2020\/04\/15112017-15112017-IMGP4619-Modifier_edit-Modifier-Modifier-1744x1200.jpg 1744w, https:\/\/mariejourdephoto.com\/wp-content\/uploads\/2020\/04\/15112017-15112017-IMGP4619-Modifier_edit-Modifier-Modifier-980x674.jpg 980w\" sizes=\"auto, (max-width: 1981px) 100vw, 1981px\" \/><figcaption class=\"wp-block-jetpack-slideshow_caption gallery-caption\">La factory<\/figcaption><\/figure><\/li><li class=\"wp-block-jetpack-slideshow_slide swiper-slide\"><figure><img loading=\"lazy\" decoding=\"async\" width=\"2048\" height=\"1357\" alt=\"\" class=\"wp-block-jetpack-slideshow_image wp-image-1233\" data-id=\"1233\" src=\"https:\/\/mariejourdephoto.com\/wp-content\/uploads\/2020\/04\/15112017-15112017-IMGP4609-Modifier_edit-Modifier-2048x1357.jpg\" srcset=\"https:\/\/mariejourdephoto.com\/wp-content\/uploads\/2020\/04\/15112017-15112017-IMGP4609-Modifier_edit-Modifier-2048x1357.jpg 2048w, https:\/\/mariejourdephoto.com\/wp-content\/uploads\/2020\/04\/15112017-15112017-IMGP4609-Modifier_edit-Modifier-300x199.jpg 300w, https:\/\/mariejourdephoto.com\/wp-content\/uploads\/2020\/04\/15112017-15112017-IMGP4609-Modifier_edit-Modifier-768x509.jpg 768w, https:\/\/mariejourdephoto.com\/wp-content\/uploads\/2020\/04\/15112017-15112017-IMGP4609-Modifier_edit-Modifier-1536x1017.jpg 1536w, https:\/\/mariejourdephoto.com\/wp-content\/uploads\/2020\/04\/15112017-15112017-IMGP4609-Modifier_edit-Modifier-1800x1192.jpg 1800w, https:\/\/mariejourdephoto.com\/wp-content\/uploads\/2020\/04\/15112017-15112017-IMGP4609-Modifier_edit-Modifier-980x649.jpg 980w\" sizes=\"auto, (max-width: 2048px) 100vw, 2048px\" \/><figcaption class=\"wp-block-jetpack-slideshow_caption gallery-caption\">Chemical<\/figcaption><\/figure><\/li><\/ul><a class=\"wp-block-jetpack-slideshow_button-prev swiper-button-prev swiper-button-white\" role=\"button\"><\/a><a class=\"wp-block-jetpack-slideshow_button-next swiper-button-next swiper-button-white\" role=\"button\"><\/a><a aria-label=\"Pause Slideshow\" class=\"wp-block-jetpack-slideshow_button-pause\" role=\"button\"><\/a><div class=\"wp-block-jetpack-slideshow_pagination swiper-pagination swiper-pagination-white\"><\/div><\/div><\/div>\n\n\n\n<p>Le 13 novembre 2017,\u00a0\u00bb vingt-cinq ans apr\u00e8s une premi\u00e8re mise en garde d\u2019une majorit\u00e9 de laur\u00e9ats du prix Nobel, plus de 15\u00a0000 scientifiques de 184 pays lancent, dans une d\u00e9claration, un avertissement face aux risques de d\u00e9stabilisation de la plan\u00e8te faute d\u2019actions pour pr\u00e9server l\u2019environnement et les \u00e9cosyst\u00e8mes.\u00a0\u00bbAFP wahington<\/p>\n\n\n\n<p>Ce travail a \u00e9t\u00e9 r\u00e9alis\u00e9 lors d &lsquo;une s\u00e9quence aux Beaux-arts de Bordeaux. Il s&rsquo;agit de l usine \u00e0 papier  de Biganos.<\/p>\n","protected":false},"excerpt":{"rendered":"<p>Le 13 novembre 2017,\u00a0\u00bb vingt-cinq ans apr\u00e8s une premi\u00e8re mise en garde d\u2019une majorit\u00e9 de laur\u00e9ats du prix Nobel, plus de 15\u00a0000 scientifiques de 184 pays lancent, dans une d\u00e9claration, un avertissement face aux risques de d\u00e9stabilisation de la plan\u00e8te faute d\u2019actions pour pr\u00e9server l\u2019environnement et les \u00e9cosyst\u00e8mes.\u00a0\u00bbAFP wahington Ce travail a \u00e9t\u00e9 r\u00e9alis\u00e9 lors &hellip; <\/p>\n<div class=\"more-link-wrapper\"><a href=\"https:\/\/mariejourdephoto.com\/index.php\/une-inquietante-histoire\/\" class=\"more-link\">Continue reading<span class=\"screen-reader-text\"> \u00ab\u00a0Une inqui\u00e9tante \u00e9tranget\u00e9\u00a0\u00bb<\/span><\/a><\/div>\n","protected":false},"author":1,"featured_media":0,"parent":0,"menu_order":0,"comment_status":"closed","ping_status":"closed","template":"template-full.php","meta":{"footnotes":"","_links_to":"","_links_to_target":""},"class_list":["post-1185","page","type-page","status-publish"],"jetpack_sharing_enabled":true,"_links":{"self":[{"href":"https:\/\/mariejourdephoto.com\/index.php\/wp-json\/wp\/v2\/pages\/1185","targetHints":{"allow":["GET"]}}],"collection":[{"href":"https:\/\/mariejourdephoto.com\/index.php\/wp-json\/wp\/v2\/pages"}],"about":[{"href":"https:\/\/mariejourdephoto.com\/index.php\/wp-json\/wp\/v2\/types\/page"}],"author":[{"embeddable":true,"href":"https:\/\/mariejourdephoto.com\/index.php\/wp-json\/wp\/v2\/users\/1"}],"replies":[{"embeddable":true,"href":"https:\/\/mariejourdephoto.com\/index.php\/wp-json\/wp\/v2\/comments?post=1185"}],"version-history":[{"count":15,"href":"https:\/\/mariejourdephoto.com\/index.php\/wp-json\/wp\/v2\/pages\/1185\/revisions"}],"predecessor-version":[{"id":1422,"href":"https:\/\/mariejourdephoto.com\/index.php\/wp-json\/wp\/v2\/pages\/1185\/revisions\/1422"}],"wp:attachment":[{"href":"https:\/\/mariejourdephoto.com\/index.php\/wp-json\/wp\/v2\/media?parent=1185"}],"curies":[{"name":"wp","href":"https:\/\/api.w.org\/{rel}","templated":true}]}}